{"id":587,"date":"2024-10-02T09:12:32","date_gmt":"2024-10-02T09:12:32","guid":{"rendered":"https:\/\/cronicas.salomao.com\/?page_id=587"},"modified":"2024-10-03T18:56:00","modified_gmt":"2024-10-03T18:56:00","slug":"biografia","status":"publish","type":"page","link":"https:\/\/cronicas.salomao.com\/en\/biografia\/","title":{"rendered":""},"content":{"rendered":"<div data-elementor-type=\"wp-page\" data-elementor-id=\"587\" class=\"elementor elementor-587\">\n\t\t\t\t<div class=\"elementor-element elementor-element-8fc9896 e-flex e-con-boxed e-con e-parent\" data-id=\"8fc9896\" data-element_type=\"container\">\n\t\t\t\t\t<div class=\"e-con-inner\">\n\t\t\t\t<div class=\"elementor-element elementor-element-1d8cbf6 elementor-widget-laptop__width-initial elementor-widget elementor-widget-html\" data-id=\"1d8cbf6\" data-element_type=\"widget\" data-widget_type=\"html.default\">\n\t\t\t\t<div class=\"elementor-widget-container\">\n\t\t\t<!DOCTYPE html>\n<html lang=\"pt-BR\">\n<head>\n    <meta charset=\"UTF-8\">\n    <meta name=\"viewport\" content=\"width=device-width, initial-scale=1.0\">\n    <title>Header Responsivo com Logo e Menu<\/title>\n    <style>\n        body {\n            margin: 0;\n            font-family: Arial, sans-serif;\n        }\n        header {\n            display: flex;\n            justify-content: space-between;\n            align-items: center;\n            background-color: #f4f4f4;\n            padding: 10px 20px;\n            position: relative;\n        }\n        .logo {\n            display: flex;\n            align-items: center;\n        }\n        .logo img {\n            height: 40px;\n            margin-right: 10px;\n        }\n        .logo h3 {\n            font-size: 24px;\n            margin: 0;\n            color: black;\n        }\n        nav {\n            display: flex;\n            align-items: center;\n        }\n        nav a {\n            color: black;\n            text-decoration: none;\n            margin: 0 15px;\n            font-size: 18px;\n            display: flex;\n            align-items: center;\n        }\n        nav a:hover {\n            text-decoration: underline;\n        }\n        .menu-toggle {\n            display: none;\n            flex-direction: column;\n            cursor: pointer;\n        }\n        .menu-toggle div {\n            width: 25px;\n            height: 3px;\n            background-color: black;\n            margin: 3px 0;\n            transition: all 0.3s ease;\n        }\n        @media (max-width: 768px) {\n            .logo h3 {\n                font-size: 18px;\n            }\n            nav {\n                display: none;\n                flex-direction: column;\n                width: 100%;\n                background-color: #f4f4f4;\n                position: absolute;\n                top: 60px;\n                left: 0;\n                z-index: 1;\n                padding: 10px 0;\n                box-shadow: 0 2px 5px rgba(0,0,0,0.1);\n            }\n            nav.active {\n                display: flex;\n            }\n            nav a {\n                padding: 10px 20px;\n                width: 100%;\n                box-sizing: border-box;\n            }\n            .menu-toggle {\n                display: flex;\n            }\n            .menu-toggle.active div:nth-child(1) {\n                transform: rotate(-45deg) translate(-5px, 6px);\n            }\n            .menu-toggle.active div:nth-child(2) {\n                opacity: 0;\n            }\n            .menu-toggle.active div:nth-child(3) {\n                transform: rotate(45deg) translate(-5px, -6px);\n            }\n        }\n    <\/style>\n<\/head>\n<body>\n    <header>\n        <div class=\"logo\">\n            <img decoding=\"async\" src=\"https:\/\/i.ibb.co\/xC3VJZF\/Picture.jpg\" alt=\"Logo\">\n            <h3><strong>Jo\u00e3o M. Salom\u00e3o<\/strong><\/h3>\n        <\/div>\n        <div class=\"menu-toggle\" onclick=\"toggleMenu()\" aria-label=\"Toggle navigation menu\">\n            <div><\/div>\n            <div><\/div>\n            <div><\/div>\n        <\/div>\n        <nav id=\"navbar\" aria-label=\"Main Navigation\">\n            <a href=\"https:\/\/cronicas.salomao.com\/en\/\" aria-label=\"Go to Home\">Home<\/a>\n            <a href=\"https:\/\/cronicas.salomao.com\/en\/biografia\/\" aria-label=\"Go to Biografia\">Biography<\/a>\n            <a href=\"#outros\" aria-label=\"Go to Outros\">Others<\/a>\n        <\/nav>\n    <\/header>\n\n    <script>\n        function toggleMenu() {\n            const navbar = document.getElementById('navbar');\n            const menuToggle = document.querySelector('.menu-toggle');\n            navbar.classList.toggle('active');\n            menuToggle.classList.toggle('active');\n        }\n    <\/script>\n<\/body>\n<\/html>\t\t<\/div>\n\t\t\t\t<\/div>\n\t\t\t\t\t<\/div>\n\t\t\t\t<\/div>\n\t\t<div class=\"elementor-element elementor-element-8b5c6a8 e-flex e-con-boxed e-con e-parent\" data-id=\"8b5c6a8\" data-element_type=\"container\">\n\t\t\t\t\t<div class=\"e-con-inner\">\n\t\t<div class=\"elementor-element elementor-element-5d0bd8c e-con-full e-flex e-con e-child\" data-id=\"5d0bd8c\" data-element_type=\"container\">\n\t\t\t\t<div class=\"elementor-element elementor-element-410a876 elementor-widget elementor-widget-image\" data-id=\"410a876\" data-element_type=\"widget\" data-widget_type=\"image.default\">\n\t\t\t\t<div class=\"elementor-widget-container\">\n\t\t\t\t\t\t\t\t\t\t\t\t\t<img fetchpriority=\"high\" decoding=\"async\" width=\"1042\" height=\"1042\" src=\"https:\/\/cronicas.salomao.com\/wp-content\/uploads\/2024\/10\/pic5.png\" class=\"attachment-full size-full wp-image-869\" alt=\"\" srcset=\"https:\/\/cronicas.salomao.com\/wp-content\/uploads\/2024\/10\/pic5.png 1042w, https:\/\/cronicas.salomao.com\/wp-content\/uploads\/2024\/10\/pic5-300x300.png 300w, https:\/\/cronicas.salomao.com\/wp-content\/uploads\/2024\/10\/pic5-1024x1024.png 1024w, https:\/\/cronicas.salomao.com\/wp-content\/uploads\/2024\/10\/pic5-150x150.png 150w, https:\/\/cronicas.salomao.com\/wp-content\/uploads\/2024\/10\/pic5-768x768.png 768w, https:\/\/cronicas.salomao.com\/wp-content\/uploads\/2024\/10\/elementor\/thumbs\/pic5-quz2ca7cmcw424hy5yblzljdoabblg1ftg3xyrzcck.png 250w\" sizes=\"(max-width: 1042px) 100vw, 1042px\" \/>\t\t\t\t\t\t\t\t\t\t\t\t\t<\/div>\n\t\t\t\t<\/div>\n\t\t\t\t<\/div>\n\t\t<div class=\"elementor-element elementor-element-ff5a265 e-con-full e-flex e-con e-child\" data-id=\"ff5a265\" data-element_type=\"container\">\n\t\t\t\t<div class=\"elementor-element elementor-element-439acb5 elementor-widget elementor-widget-html\" data-id=\"439acb5\" data-element_type=\"widget\" data-widget_type=\"html.default\">\n\t\t\t\t<div class=\"elementor-widget-container\">\n\t\t\t\n<div style=\"text-align: justify;\">\n   \n   <h3><strong>Jo\u00e3o M. Salom\u00e3o<\/strong><\/h3> Joao Salomao holds a Civil Engineering degree from Universidade Eduardo Mondlane (Mozambique), class of 1975, a Postgraduate Diploma, with distinction in Sanitary Engineering, from the International Institute for Hydraulic and Environmental Engineering, Delft, The Netherlands, class of 1980, and a magnum cum laude Doctorate in Civil Engineering from Universidade do Minho (Portugal) in 1986.<br>\n    \n    He was Assistant Professor at Universidade Eduardo Mondlane till 2004.<br>\n    \n    He was Minister of Public Works and Housing in the Government of the Republic of Mozambique from 1987 to 1994.<br>\n    \n    He was a management and engineering consultant in Mozambique, South Africa and Angola from 1994 until he retired in 2015.<br>\n    \n    Having come out of retirement in 2021, he has been working in conservation, being currently the Mozambique representative of African Parks, a non-profit conservation organisation responsible for the long-term management of protected areas in partnership with governments and local communities.<br>\n    \n    He is an unpaid volunteer and patient advocate in cancer issues, supporting The University of Texas MD Anderson Cancer Center in Houston since 2018 to date, in Washington, D.C., Mozambique, Lesotho and Malawi.<br>\n<\/div>\t\t<\/div>\n\t\t\t\t<\/div>\n\t\t\t\t<\/div>\n\t\t\t\t\t<\/div>\n\t\t\t\t<\/div>\n\t\t<div class=\"elementor-element elementor-element-425f2a5 e-flex e-con-boxed e-con e-parent\" data-id=\"425f2a5\" data-element_type=\"container\">\n\t\t\t\t\t<div class=\"e-con-inner\">\n\t\t\t\t<div class=\"elementor-element elementor-element-dfe6d1c elementor-widget elementor-widget-html\" data-id=\"dfe6d1c\" data-element_type=\"widget\" data-widget_type=\"html.default\">\n\t\t\t\t<div class=\"elementor-widget-container\">\n\t\t\t<!DOCTYPE html>\n<html lang=\"pt-BR\">\n<head>\n    <meta charset=\"UTF-8\">\n    <meta name=\"viewport\" content=\"width=device-width, initial-scale=1.0\">\n    <title>Footer Responsivo<\/title>\n    <link rel=\"stylesheet\" href=\"https:\/\/cdnjs.cloudflare.com\/ajax\/libs\/font-awesome\/6.0.0-beta3\/css\/all.min.css\">\n    <style>\n        body {\n            margin: 0;\n            font-family: Arial, sans-serif;\n        }\n        footer {\n            background-color: #333;\n            color: white;\n            padding: 20px;\n            text-align: center;\n        }\n        .footer-content {\n            display: flex;\n            flex-direction: column;\n            align-items: center;\n        }\n        .footer-links {\n            margin: 10px 0;\n        }\n        .footer-links a {\n            color: white;\n            text-decoration: none;\n            margin: 0 10px;\n            font-size: 24px;\n        }\n        .footer-links a:hover {\n            color: #ddd;\n        }\n        .copyright-text {\n            margin-top: 10px;\n        }\n        @media (min-width: 600px) {\n            .footer-content {\n                flex-direction: column;\n            }\n        }\n    <\/style>\n<\/head>\n<body>\n\n    <footer>\n        \n            <div class=\"copyright-text\">\n                Copyright \u00a9 2024 Jo\u00e3o M. Salom\u00e3o. <p>\n                    \n                All rights reserved\n            <\/div>\n        <\/div>\n    <\/footer>\n\n<\/body>\n<\/html>\t\t<\/div>\n\t\t\t\t<\/div>\n\t\t\t\t\t<\/div>\n\t\t\t\t<\/div>\n\t\t\t\t<\/div>","protected":false},"excerpt":{"rendered":"<p>Header Responsivo com Logo e Menu Jo\u00e3o M. Salom\u00e3o Home Biografia Outros Jo\u00e3o M. Salom\u00e3o O autor \u00e9 licenciado em Engenharia Civil pela Universidade Eduardo Mondlane (1975), Mestre em Engenharia Sanit\u00e1ria com distin\u00e7\u00e3o pelo International Institute for Hydraulic and Sanitary Engineering (IHE), Delft (1980), e Doutorado em Engenharia Civil com distin\u00e7\u00e3o e louvor pela Universidade [&hellip;]<\/p>","protected":false},"author":1,"featured_media":0,"parent":0,"menu_order":0,"comment_status":"closed","ping_status":"closed","template":"","meta":{"footnotes":""},"class_list":["post-587","page","type-page","status-publish","hentry"],"_links":{"self":[{"href":"https:\/\/cronicas.salomao.com\/en\/wp-json\/wp\/v2\/pages\/587","targetHints":{"allow":["GET"]}}],"collection":[{"href":"https:\/\/cronicas.salomao.com\/en\/wp-json\/wp\/v2\/pages"}],"about":[{"href":"https:\/\/cronicas.salomao.com\/en\/wp-json\/wp\/v2\/types\/page"}],"author":[{"embeddable":true,"href":"https:\/\/cronicas.salomao.com\/en\/wp-json\/wp\/v2\/users\/1"}],"replies":[{"embeddable":true,"href":"https:\/\/cronicas.salomao.com\/en\/wp-json\/wp\/v2\/comments?post=587"}],"version-history":[{"count":97,"href":"https:\/\/cronicas.salomao.com\/en\/wp-json\/wp\/v2\/pages\/587\/revisions"}],"predecessor-version":[{"id":1623,"href":"https:\/\/cronicas.salomao.com\/en\/wp-json\/wp\/v2\/pages\/587\/revisions\/1623"}],"wp:attachment":[{"href":"https:\/\/cronicas.salomao.com\/en\/wp-json\/wp\/v2\/media?parent=587"}],"curies":[{"name":"wp","href":"https:\/\/api.w.org\/{rel}","templated":true}]}}